{"id":136,"date":"2024-02-28T15:41:37","date_gmt":"2024-02-28T14:41:37","guid":{"rendered":"https:\/\/parquenogalapartments.es\/?page_id=136"},"modified":"2024-03-02T15:08:02","modified_gmt":"2024-03-02T14:08:02","slug":"inicio-dansk","status":"publish","type":"page","link":"https:\/\/parquenogalapartments.es\/?page_id=136&lang=da","title":{"rendered":"INICIO &#8211; Dansk"},"content":{"rendered":"\n<p><em>Bungalows Parque Nogal<\/em>&nbsp;ligger i det fredelige omr\u00e5de IV i Campo Internacional i Maspalomas, Gran Canaria, og venter p\u00e5 dig med en uforglemmelig ferieoplevelse. Vores kompleks, der er perfekt integreret i en naturlig omgivelse, tilbyder den perfekte balance mellem afslapning og sjov. Med en privilegeret beliggenhed t\u00e6t p\u00e5 de ber\u00f8mte strande i Maspalomas og Playa del Ingl\u00e9s samt kun 400 meter fra motorvejen GC-1, garanterer vi nem adgang til \u00f8ens hovedattraktioner.<\/p>\n\n\n\n<p><em>Kvalitetsindkvartering med alle bekvemmeligheder<\/em><\/p>\n\n\n\n<p>Vores bungalows, designet til din komfort og privatliv, er opdelt i to kategorier: 30 enheder med dobbeltseng, ideelle til par, beliggende t\u00e6t p\u00e5 poolen, og 26 enheder med enkeltsenge, perfekte til venner eller familie. Hver duplex-bungalow har et udstyret k\u00f8kken-alrum, sovev\u00e6relse, badev\u00e6relse og i de fleste tilf\u00e6lde aircondition. Derudover kan du nyde en privat terrasse og altan, der skaber den ideelle atmosf\u00e6re til afslapning og udsigt.<\/p>\n","protected":false},"excerpt":{"rendered":"<p>Bungalows Parque Nogal&nbsp;ligger i det fredelige omr\u00e5de IV i Campo Internacional i Maspalomas, Gran Canaria, og venter p\u00e5 dig med en uforglemmelig ferieoplevelse. Vores kompleks, der er perfekt integreret i en naturlig omgivelse, tilbyder den perfekte balance mellem afslapning og sjov. Med en privilegeret beliggenhed t\u00e6t p\u00e5 de ber\u00f8mte strande i Maspalomas og Playa del&hellip;&nbsp;<a href=\"https:\/\/parquenogalapartments.es\/?page_id=136&#038;lang=da\" class=\"\" rel=\"bookmark\">Read More &raquo;<span class=\"screen-reader-text\">INICIO &#8211; Dansk<\/span><\/a><\/p>\n","protected":false},"author":1,"featured_media":0,"parent":0,"menu_order":0,"comment_status":"closed","ping_status":"closed","template":"","meta":{"om_disable_all_campaigns":false,"_monsterinsights_skip_tracking":false,"_monsterinsights_sitenote_active":false,"_monsterinsights_sitenote_note":"","_monsterinsights_sitenote_category":0,"neve_meta_sidebar":"","neve_meta_container":"","neve_meta_enable_content_width":"","neve_meta_content_width":0,"neve_meta_title_alignment":"","neve_meta_author_avatar":"","neve_post_elements_order":"","neve_meta_disable_header":"","neve_meta_disable_footer":"","neve_meta_disable_title":"","footnotes":""},"aioseo_notices":[],"_links":{"self":[{"href":"https:\/\/parquenogalapartments.es\/index.php?rest_route=\/wp\/v2\/pages\/136"}],"collection":[{"href":"https:\/\/parquenogalapartments.es\/index.php?rest_route=\/wp\/v2\/pages"}],"about":[{"href":"https:\/\/parquenogalapartments.es\/index.php?rest_route=\/wp\/v2\/types\/page"}],"author":[{"embeddable":true,"href":"https:\/\/parquenogalapartments.es\/index.php?rest_route=\/wp\/v2\/users\/1"}],"replies":[{"embeddable":true,"href":"https:\/\/parquenogalapartments.es\/index.php?rest_route=%2Fwp%2Fv2%2Fcomments&post=136"}],"version-history":[{"count":1,"href":"https:\/\/parquenogalapartments.es\/index.php?rest_route=\/wp\/v2\/pages\/136\/revisions"}],"predecessor-version":[{"id":143,"href":"https:\/\/parquenogalapartments.es\/index.php?rest_route=\/wp\/v2\/pages\/136\/revisions\/143"}],"wp:attachment":[{"href":"https:\/\/parquenogalapartments.es\/index.php?rest_route=%2Fwp%2Fv2%2Fmedia&parent=136"}],"curies":[{"name":"wp","href":"https:\/\/api.w.org\/{rel}","templated":true}]}}