{"id":182,"date":"2024-03-09T13:02:02","date_gmt":"2024-03-09T12:02:02","guid":{"rendered":"https:\/\/parquenogalapartments.es\/?page_id=182"},"modified":"2024-03-09T13:09:16","modified_gmt":"2024-03-09T12:09:16","slug":"start","status":"publish","type":"page","link":"https:\/\/parquenogalapartments.es\/?page_id=182&lang=de","title":{"rendered":"Start"},"content":{"rendered":"\n<p>                               Email: parquenogal@parquenogal.com     \/   parquenogal@telefonica.net<\/p>\n\n\n\n<div class=\"wp-block-buttons is-layout-flex wp-block-buttons-is-layout-flex\">\n<div class=\"wp-block-button\"><a class=\"wp-block-button__link wp-element-button\" href=\"https:\/\/direct-book.com\/properties\/bungalowsparquenogaldirect?locale=de&amp;checkInDate=2024-03-09&amp;checkOutDate=2024-03-10&amp;currency=EUR&amp;items[0][adults]=2&amp;items[0][children]=0&amp;items[0][infants]=0&amp;trackPage=yes\">Buchen Sie jetzt, indem Sie hier klicken<\/a><\/div>\n<\/div>\n\n\n\n<div class=\"alignnormal\"><div id=\"metaslider-id-29\" style=\"width: 100%;\" class=\"ml-slider-3-61-0 metaslider metaslider-flex metaslider-29 ml-slider ms-theme-default nav-hidden\" role=\"region\" aria-roledescription=\"Slideshow\" aria-label=\"Nueva presentaci\u00f3n de diapositivas\">\n    <div id=\"metaslider_container_29\">\n        <div id=\"metaslider_29\">\n            <ul aria-live=\"polite\" class=\"slides\">\n                <li style=\"display: block; width: 100%;\" class=\"slide-30 ms-image \" aria-roledescription=\"slide\" aria-label=\"slide-30\"><img decoding=\"async\" src=\"https:\/\/mlgkvghixfsg.i.optimole.com\/w:700\/h:300\/q:mauto\/ig:avif\/https:\/\/parquenogalapartments.es\/wp-content\/uploads\/2024\/02\/20230630-DSCF5749-scaled.jpg\" height=\"300\" width=\"700\" alt=\"\" class=\"slider-29 slide-30\" title=\"20230630-DSCF5749\" \/><\/li>\n                <li style=\"display: none; width: 100%;\" class=\"slide-31 ms-image \" aria-roledescription=\"slide\" aria-label=\"slide-31\"><img decoding=\"async\" src=\"https:\/\/mlgkvghixfsg.i.optimole.com\/w:700\/h:300\/q:mauto\/ig:avif\/https:\/\/parquenogalapartments.es\/wp-content\/uploads\/2024\/02\/20230630-DSCF5663-scaled.jpg\" height=\"300\" width=\"700\" alt=\"\" class=\"slider-29 slide-31\" title=\"20230630-DSCF5663\" \/><\/li>\n                <li style=\"display: none; width: 100%;\" class=\"slide-32 ms-image \" aria-roledescription=\"slide\" aria-label=\"slide-32\"><img data-opt-src=\"https:\/\/mlgkvghixfsg.i.optimole.com\/w:700\/h:300\/q:mauto\/ig:avif\/https:\/\/parquenogalapartments.es\/wp-content\/uploads\/2024\/02\/20230630-DSCF5691-scaled.jpg\"  decoding=\"async\" src=\"data:image/svg+xml,%3Csvg%20viewBox%3D%220%200%20700%20300%22%20width%3D%22700%22%20height%3D%22300%22%20xmlns%3D%22http%3A%2F%2Fwww.w3.org%2F2000%2Fsvg%22%3E%3Crect%20width%3D%22700%22%20height%3D%22300%22%20fill%3D%22transparent%22%2F%3E%3C%2Fsvg%3E\" height=\"300\" width=\"700\" alt=\"\" class=\"slider-29 slide-32\" title=\"20230630-DSCF5691\" \/><\/li>\n                <li style=\"display: none; width: 100%;\" class=\"slide-33 ms-image \" aria-roledescription=\"slide\" aria-label=\"slide-33\"><img data-opt-src=\"https:\/\/mlgkvghixfsg.i.optimole.com\/w:700\/h:300\/q:mauto\/ig:avif\/https:\/\/parquenogalapartments.es\/wp-content\/uploads\/2024\/02\/20230630-DSCF5467-scaled.jpg\"  decoding=\"async\" src=\"data:image/svg+xml,%3Csvg%20viewBox%3D%220%200%20700%20300%22%20width%3D%22700%22%20height%3D%22300%22%20xmlns%3D%22http%3A%2F%2Fwww.w3.org%2F2000%2Fsvg%22%3E%3Crect%20width%3D%22700%22%20height%3D%22300%22%20fill%3D%22transparent%22%2F%3E%3C%2Fsvg%3E\" height=\"300\" width=\"700\" alt=\"\" class=\"slider-29 slide-33\" title=\"20230630-DSCF5467\" \/><\/li>\n                <li style=\"display: none; width: 100%;\" class=\"slide-34 ms-image \" aria-roledescription=\"slide\" aria-label=\"slide-34\"><img data-opt-src=\"https:\/\/mlgkvghixfsg.i.optimole.com\/w:700\/h:300\/q:mauto\/ig:avif\/https:\/\/parquenogalapartments.es\/wp-content\/uploads\/2024\/02\/20230630-DSCF5381-scaled.jpg\"  decoding=\"async\" src=\"data:image/svg+xml,%3Csvg%20viewBox%3D%220%200%20700%20300%22%20width%3D%22700%22%20height%3D%22300%22%20xmlns%3D%22http%3A%2F%2Fwww.w3.org%2F2000%2Fsvg%22%3E%3Crect%20width%3D%22700%22%20height%3D%22300%22%20fill%3D%22transparent%22%2F%3E%3C%2Fsvg%3E\" height=\"300\" width=\"700\" alt=\"\" class=\"slider-29 slide-34\" title=\"20230630-DSCF5381\" \/><\/li>\n                <li style=\"display: none; width: 100%;\" class=\"slide-35 ms-image \" aria-roledescription=\"slide\" aria-label=\"slide-35\"><img data-opt-src=\"https:\/\/mlgkvghixfsg.i.optimole.com\/w:700\/h:300\/q:mauto\/ig:avif\/https:\/\/parquenogalapartments.es\/wp-content\/uploads\/2024\/02\/20230630-DSCF5360-scaled.jpg\"  decoding=\"async\" src=\"data:image/svg+xml,%3Csvg%20viewBox%3D%220%200%20700%20300%22%20width%3D%22700%22%20height%3D%22300%22%20xmlns%3D%22http%3A%2F%2Fwww.w3.org%2F2000%2Fsvg%22%3E%3Crect%20width%3D%22700%22%20height%3D%22300%22%20fill%3D%22transparent%22%2F%3E%3C%2Fsvg%3E\" height=\"300\" width=\"700\" alt=\"\" class=\"slider-29 slide-35\" title=\"20230630-DSCF5360\" \/><\/li>\n                <li style=\"display: none; width: 100%;\" class=\"slide-36 ms-image \" aria-roledescription=\"slide\" aria-label=\"slide-36\"><img data-opt-src=\"https:\/\/mlgkvghixfsg.i.optimole.com\/w:700\/h:300\/q:mauto\/ig:avif\/https:\/\/parquenogalapartments.es\/wp-content\/uploads\/2024\/02\/20230630-DSCF5341-scaled.jpg\"  decoding=\"async\" src=\"data:image/svg+xml,%3Csvg%20viewBox%3D%220%200%20700%20300%22%20width%3D%22700%22%20height%3D%22300%22%20xmlns%3D%22http%3A%2F%2Fwww.w3.org%2F2000%2Fsvg%22%3E%3Crect%20width%3D%22700%22%20height%3D%22300%22%20fill%3D%22transparent%22%2F%3E%3C%2Fsvg%3E\" height=\"300\" width=\"700\" alt=\"\" class=\"slider-29 slide-36\" title=\"20230630-DSCF5341\" \/><\/li>\n                <li style=\"display: none; width: 100%;\" class=\"slide-37 ms-image \" aria-roledescription=\"slide\" aria-label=\"slide-37\"><img data-opt-src=\"https:\/\/mlgkvghixfsg.i.optimole.com\/w:700\/h:300\/q:mauto\/ig:avif\/https:\/\/parquenogalapartments.es\/wp-content\/uploads\/2024\/02\/Queen-bed-room-scaled.jpg\"  decoding=\"async\" src=\"data:image/svg+xml,%3Csvg%20viewBox%3D%220%200%20700%20300%22%20width%3D%22700%22%20height%3D%22300%22%20xmlns%3D%22http%3A%2F%2Fwww.w3.org%2F2000%2Fsvg%22%3E%3Crect%20width%3D%22700%22%20height%3D%22300%22%20fill%3D%22transparent%22%2F%3E%3C%2Fsvg%3E\" height=\"300\" width=\"700\" alt=\"\" class=\"slider-29 slide-37\" title=\"Queen bed room\" \/><\/li>\n                <li style=\"display: none; width: 100%;\" class=\"slide-38 ms-image \" aria-roledescription=\"slide\" aria-label=\"slide-38\"><img data-opt-src=\"https:\/\/mlgkvghixfsg.i.optimole.com\/w:700\/h:300\/q:mauto\/ig:avif\/https:\/\/parquenogalapartments.es\/wp-content\/uploads\/2024\/02\/Twin-beds-room-1-scaled.jpg\"  decoding=\"async\" src=\"data:image/svg+xml,%3Csvg%20viewBox%3D%220%200%20700%20300%22%20width%3D%22700%22%20height%3D%22300%22%20xmlns%3D%22http%3A%2F%2Fwww.w3.org%2F2000%2Fsvg%22%3E%3Crect%20width%3D%22700%22%20height%3D%22300%22%20fill%3D%22transparent%22%2F%3E%3C%2Fsvg%3E\" height=\"300\" width=\"700\" alt=\"\" class=\"slider-29 slide-38\" title=\"Twin beds room (1)\" \/><\/li>\n                <li style=\"display: none; width: 100%;\" class=\"slide-39 ms-image \" aria-roledescription=\"slide\" aria-label=\"slide-39\"><img data-opt-src=\"https:\/\/mlgkvghixfsg.i.optimole.com\/w:700\/h:300\/q:mauto\/ig:avif\/https:\/\/parquenogalapartments.es\/wp-content\/uploads\/2024\/02\/15160B4F1E599FAFE8499A50454839F3-scaled.jpg\"  decoding=\"async\" src=\"data:image/svg+xml,%3Csvg%20viewBox%3D%220%200%20700%20300%22%20width%3D%22700%22%20height%3D%22300%22%20xmlns%3D%22http%3A%2F%2Fwww.w3.org%2F2000%2Fsvg%22%3E%3Crect%20width%3D%22700%22%20height%3D%22300%22%20fill%3D%22transparent%22%2F%3E%3C%2Fsvg%3E\" height=\"300\" width=\"700\" alt=\"\" class=\"slider-29 slide-39\" title=\"15160B4F1E599FAFE8499A50454839F3\" \/><\/li>\n                <li style=\"display: none; width: 100%;\" class=\"slide-40 ms-image \" aria-roledescription=\"slide\" aria-label=\"slide-40\"><img data-opt-src=\"https:\/\/mlgkvghixfsg.i.optimole.com\/w:700\/h:300\/q:mauto\/ig:avif\/https:\/\/parquenogalapartments.es\/wp-content\/uploads\/2024\/02\/MASPALOMAS3.png\"  decoding=\"async\" src=\"data:image/svg+xml,%3Csvg%20viewBox%3D%220%200%20700%20300%22%20width%3D%22700%22%20height%3D%22300%22%20xmlns%3D%22http%3A%2F%2Fwww.w3.org%2F2000%2Fsvg%22%3E%3Crect%20width%3D%22700%22%20height%3D%22300%22%20fill%3D%22transparent%22%2F%3E%3C%2Fsvg%3E\" height=\"300\" width=\"700\" alt=\"\" class=\"slider-29 slide-40\" title=\"MASPALOMAS3\" \/><\/li>\n                <li style=\"display: none; width: 100%;\" class=\"slide-315 ms-image \" aria-roledescription=\"slide\" aria-label=\"slide-315\"><img data-opt-src=\"https:\/\/mlgkvghixfsg.i.optimole.com\/w:700\/h:300\/q:mauto\/ig:avif\/https:\/\/parquenogalapartments.es\/wp-content\/uploads\/2024\/03\/IMG_9232-1.jpg\"  decoding=\"async\" src=\"data:image/svg+xml,%3Csvg%20viewBox%3D%220%200%20700%20300%22%20width%3D%22700%22%20height%3D%22300%22%20xmlns%3D%22http%3A%2F%2Fwww.w3.org%2F2000%2Fsvg%22%3E%3Crect%20width%3D%22700%22%20height%3D%22300%22%20fill%3D%22transparent%22%2F%3E%3C%2Fsvg%3E\" height=\"300\" width=\"700\" alt=\"\" class=\"slider-29 slide-315\" title=\"IMG_9232\" \/><\/li>\n            <\/ul>\n        <\/div>\n        \n    <\/div>\n<\/div><\/div>\n\n\n\n<p><strong>Entdecken Sie den Charme der Bungalows Parque Nogal in Maspalomas, Gran Canaria<\/strong><\/p>\n\n\n\n<p>Im Bungalows Parque Nogal, gelegen in der Ruhezone IV des Campo Internacional de Maspalomas, Gran Canaria, erwartet Sie ein unvergessliches Urlaubserlebnis. Unsere Anlage, perfekt in eine nat\u00fcrliche Umgebung integriert, bietet die perfekte Balance zwischen Entspannung und Spa\u00df. Mit einer privilegierten Lage in der N\u00e4he der ber\u00fchmten Str\u00e4nde von Maspalomas und Playa del Ingl\u00e9s und nur 400 Meter von der Autobahn GC-1 entfernt garantieren wir einen einfachen Zugang zu den Hauptattraktionen der Insel.<\/p>\n\n\n\n<p><strong>Hochwertige Unterkunft mit allem Komfort.<\/strong><\/p>\n\n\n\n<p>Unsere auf Ihren Komfort und Ihre Privatsph\u00e4re ausgelegten Bungalows sind in zwei Kategorien unterteilt: 30 Einheiten mit Doppelbetten, ideal f\u00fcr Paare, in der N\u00e4he des Pools gelegen, und 26 Einheiten mit Einzelbetten, ideal f\u00fcr Freunde oder Familie. Jeder Duplex-Bungalow verf\u00fcgt \u00fcber eine ausgestattete Wohnk\u00fcche, ein Schlafzimmer, ein Badezimmer und in den meisten F\u00e4llen eine Klimaanlage. Dar\u00fcber hinaus genie\u00dfen Sie eine private Terrasse und einen Balkon, die die ideale Umgebung zum Entspannen und Genie\u00dfen der Aussicht schaffen.<\/p>\n\n\n\n<p><strong>Erstklassige Dienstleistungen und Einrichtungen<\/strong><\/p>\n\n\n\n<p>Kostenloses WLAN im gesamten Komplex, sodass Sie immer verbunden sind.<\/p>\n\n\n\n<p>In den Wintermonaten beheizter Pool, erg\u00e4nzt durch eine Solariumterrasse und kostenlose H\u00e4ngematten f\u00fcr Ihren Genuss.<\/p>\n\n\n\n<p>Spiel- und Erholungsbereiche f\u00fcr den Spa\u00df der Kleinen.<\/p>\n\n\n\n<p>Kostenlose \u00f6ffentliche Parkpl\u00e4tze in der N\u00e4he f\u00fcr Ihren Komfort.<\/p>\n\n\n\n<p>Aktivit\u00e4ten und Unterhaltung stehen Ihnen zur Verf\u00fcgung, darunter lokale M\u00e4rkte, Einkaufszentren, Vergn\u00fcgungsparks und eine gro\u00dfe Auswahl an Sport- und Outdoor-Aktivit\u00e4ten.<\/p>\n\n\n\n<p><strong>Erleben Sie das Parque Nogal-Erlebnis<\/strong><\/p>\n\n\n\n<p>Im Bungalows Parque Nogal sind wir bestrebt, Ihnen einen angenehmen Aufenthalt mit pers\u00f6nlichem Service zu bieten. Ob Sie auf der Suche nach einem ruhigen R\u00fcckzugsort oder einem Abenteuer auf Gran Canaria sind, unser Resort ist der ideale Ausgangspunkt. Mit auf Ihren Komfort ausgelegten Einrichtungen und einer strategischen Lage sind wir die bevorzugte Wahl f\u00fcr diejenigen, die die Insel erkunden m\u00f6chten, ohne auf Ruhe und Komfort zu verzichten.<\/p>\n\n\n\n<p>Buchen Sie noch heute Ihren Aufenthalt<\/p>\n\n\n\n<p>Warten Sie nicht l\u00e4nger und entdecken Sie die Oase der Ruhe und des Spa\u00dfes, die Ihnen Bungalows Parque Nogal zu bieten hat. Kontaktieren Sie uns f\u00fcr weitere Informationen und reservieren Sie Ihren idealen Bungalow im Herzen von Maspalomas. Wir warten auf Sie, um Ihren Urlaub zu einem unvergesslichen Erlebnis zu machen!<\/p>\n\n\n\n<iframe src=\"https:\/\/www.google.com\/maps\/embed?pb=!1m18!1m12!1m3!1d3530.478190165053!2d-15.592691825519635!3d27.764236376149938!2m3!1f0!2f0!3f0!3m2!1i1024!2i768!4f13.1!3m3!1m2!1s0xc3f62b24aca5d35%3A0x4b2e8c94c8a27860!2sBungalows%20Parque%20Nogal!5e0!3m2!1ses!2ses!4v1709039391967!5m2!1ses!2ses\" width=\"800\" height=\"450\" style=\"border:0;\" allowfullscreen=\"\" loading=\"lazy\" referrerpolicy=\"no-referrer-when-downgrade\"><\/iframe>\n","protected":false},"excerpt":{"rendered":"<p>Email: parquenogal@parquenogal.com \/ parquenogal@telefonica.net Entdecken Sie den Charme der Bungalows Parque Nogal in Maspalomas, Gran Canaria Im Bungalows Parque Nogal, gelegen in der Ruhezone IV des Campo Internacional de Maspalomas, Gran Canaria, erwartet Sie ein unvergessliches Urlaubserlebnis. Unsere Anlage, perfekt in eine nat\u00fcrliche Umgebung integriert, bietet die perfekte Balance zwischen Entspannung und Spa\u00df. Mit einer&hellip;&nbsp;<a href=\"https:\/\/parquenogalapartments.es\/?page_id=182&#038;lang=de\" class=\"\" rel=\"bookmark\">Read More &raquo;<span class=\"screen-reader-text\">Start<\/span><\/a><\/p>\n","protected":false},"author":1,"featured_media":0,"parent":0,"menu_order":0,"comment_status":"closed","ping_status":"closed","template":"","meta":{"om_disable_all_campaigns":false,"_monsterinsights_skip_tracking":false,"_monsterinsights_sitenote_active":false,"_monsterinsights_sitenote_note":"","_monsterinsights_sitenote_category":0,"neve_meta_sidebar":"","neve_meta_container":"","neve_meta_enable_content_width":"","neve_meta_content_width":0,"neve_meta_title_alignment":"","neve_meta_author_avatar":"","neve_post_elements_order":"","neve_meta_disable_header":"","neve_meta_disable_footer":"","neve_meta_disable_title":"","footnotes":""},"aioseo_notices":[],"_links":{"self":[{"href":"https:\/\/parquenogalapartments.es\/index.php?rest_route=\/wp\/v2\/pages\/182"}],"collection":[{"href":"https:\/\/parquenogalapartments.es\/index.php?rest_route=\/wp\/v2\/pages"}],"about":[{"href":"https:\/\/parquenogalapartments.es\/index.php?rest_route=\/wp\/v2\/types\/page"}],"author":[{"embeddable":true,"href":"https:\/\/parquenogalapartments.es\/index.php?rest_route=\/wp\/v2\/users\/1"}],"replies":[{"embeddable":true,"href":"https:\/\/parquenogalapartments.es\/index.php?rest_route=%2Fwp%2Fv2%2Fcomments&post=182"}],"version-history":[{"count":2,"href":"https:\/\/parquenogalapartments.es\/index.php?rest_route=\/wp\/v2\/pages\/182\/revisions"}],"predecessor-version":[{"id":185,"href":"https:\/\/parquenogalapartments.es\/index.php?rest_route=\/wp\/v2\/pages\/182\/revisions\/185"}],"wp:attachment":[{"href":"https:\/\/parquenogalapartments.es\/index.php?rest_route=%2Fwp%2Fv2%2Fmedia&parent=182"}],"curies":[{"name":"wp","href":"https:\/\/api.w.org\/{rel}","templated":true}]}}