{"id":186,"date":"2024-03-09T13:12:29","date_gmt":"2024-03-09T12:12:29","guid":{"rendered":"https:\/\/parquenogalapartments.es\/?page_id=186"},"modified":"2024-03-15T15:17:53","modified_gmt":"2024-03-15T14:17:53","slug":"inicio-espanol","status":"publish","type":"page","link":"https:\/\/parquenogalapartments.es\/?page_id=186&lang=es","title":{"rendered":"INICIO"},"content":{"rendered":"\n<p>Email:  parquenogal@parquenogal.com     \/    parquenogal@telefonica.net<\/p>\n\n\n\n<div class=\"wp-block-buttons is-layout-flex wp-block-buttons-is-layout-flex\">\n<div class=\"wp-block-button\"><a class=\"wp-block-button__link wp-element-button\" href=\"https:\/\/direct-book.com\/properties\/bungalowsparquenogaldirect?locale=es\">\u00a1 Reserva ahora pulsando aqu\u00ed!<\/a><\/div>\n<\/div>\n\n\n\n<div class=\"alignnormal\"><div id=\"metaslider-id-29\" style=\"width: 100%;\" class=\"ml-slider-3-61-0 metaslider metaslider-flex metaslider-29 ml-slider ms-theme-default nav-hidden\" role=\"region\" aria-roledescription=\"Slideshow\" aria-label=\"Nueva presentaci\u00f3n de diapositivas\">\n    <div id=\"metaslider_container_29\">\n        <div id=\"metaslider_29\">\n            <ul aria-live=\"polite\" class=\"slides\">\n                <li style=\"display: block; width: 100%;\" class=\"slide-30 ms-image \" aria-roledescription=\"slide\" aria-label=\"slide-30\"><img decoding=\"async\" src=\"https:\/\/mlgkvghixfsg.i.optimole.com\/w:700\/h:300\/q:mauto\/ig:avif\/https:\/\/parquenogalapartments.es\/wp-content\/uploads\/2024\/02\/20230630-DSCF5749-scaled.jpg\" height=\"300\" width=\"700\" alt=\"\" class=\"slider-29 slide-30\" title=\"20230630-DSCF5749\" \/><\/li>\n                <li style=\"display: none; width: 100%;\" class=\"slide-31 ms-image \" aria-roledescription=\"slide\" aria-label=\"slide-31\"><img decoding=\"async\" src=\"https:\/\/mlgkvghixfsg.i.optimole.com\/w:700\/h:300\/q:mauto\/ig:avif\/https:\/\/parquenogalapartments.es\/wp-content\/uploads\/2024\/02\/20230630-DSCF5663-scaled.jpg\" height=\"300\" width=\"700\" alt=\"\" class=\"slider-29 slide-31\" title=\"20230630-DSCF5663\" \/><\/li>\n                <li style=\"display: none; width: 100%;\" class=\"slide-32 ms-image \" aria-roledescription=\"slide\" aria-label=\"slide-32\"><img data-opt-src=\"https:\/\/mlgkvghixfsg.i.optimole.com\/w:700\/h:300\/q:mauto\/ig:avif\/https:\/\/parquenogalapartments.es\/wp-content\/uploads\/2024\/02\/20230630-DSCF5691-scaled.jpg\"  decoding=\"async\" src=\"data:image/svg+xml,%3Csvg%20viewBox%3D%220%200%20700%20300%22%20width%3D%22700%22%20height%3D%22300%22%20xmlns%3D%22http%3A%2F%2Fwww.w3.org%2F2000%2Fsvg%22%3E%3Crect%20width%3D%22700%22%20height%3D%22300%22%20fill%3D%22transparent%22%2F%3E%3C%2Fsvg%3E\" height=\"300\" width=\"700\" alt=\"\" class=\"slider-29 slide-32\" title=\"20230630-DSCF5691\" \/><\/li>\n                <li style=\"display: none; width: 100%;\" class=\"slide-33 ms-image \" aria-roledescription=\"slide\" aria-label=\"slide-33\"><img data-opt-src=\"https:\/\/mlgkvghixfsg.i.optimole.com\/w:700\/h:300\/q:mauto\/ig:avif\/https:\/\/parquenogalapartments.es\/wp-content\/uploads\/2024\/02\/20230630-DSCF5467-scaled.jpg\"  decoding=\"async\" src=\"data:image/svg+xml,%3Csvg%20viewBox%3D%220%200%20700%20300%22%20width%3D%22700%22%20height%3D%22300%22%20xmlns%3D%22http%3A%2F%2Fwww.w3.org%2F2000%2Fsvg%22%3E%3Crect%20width%3D%22700%22%20height%3D%22300%22%20fill%3D%22transparent%22%2F%3E%3C%2Fsvg%3E\" height=\"300\" width=\"700\" alt=\"\" class=\"slider-29 slide-33\" title=\"20230630-DSCF5467\" \/><\/li>\n                <li style=\"display: none; width: 100%;\" class=\"slide-34 ms-image \" aria-roledescription=\"slide\" aria-label=\"slide-34\"><img data-opt-src=\"https:\/\/mlgkvghixfsg.i.optimole.com\/w:700\/h:300\/q:mauto\/ig:avif\/https:\/\/parquenogalapartments.es\/wp-content\/uploads\/2024\/02\/20230630-DSCF5381-scaled.jpg\"  decoding=\"async\" src=\"data:image/svg+xml,%3Csvg%20viewBox%3D%220%200%20700%20300%22%20width%3D%22700%22%20height%3D%22300%22%20xmlns%3D%22http%3A%2F%2Fwww.w3.org%2F2000%2Fsvg%22%3E%3Crect%20width%3D%22700%22%20height%3D%22300%22%20fill%3D%22transparent%22%2F%3E%3C%2Fsvg%3E\" height=\"300\" width=\"700\" alt=\"\" class=\"slider-29 slide-34\" title=\"20230630-DSCF5381\" \/><\/li>\n                <li style=\"display: none; width: 100%;\" class=\"slide-35 ms-image \" aria-roledescription=\"slide\" aria-label=\"slide-35\"><img data-opt-src=\"https:\/\/mlgkvghixfsg.i.optimole.com\/w:700\/h:300\/q:mauto\/ig:avif\/https:\/\/parquenogalapartments.es\/wp-content\/uploads\/2024\/02\/20230630-DSCF5360-scaled.jpg\"  decoding=\"async\" src=\"data:image/svg+xml,%3Csvg%20viewBox%3D%220%200%20700%20300%22%20width%3D%22700%22%20height%3D%22300%22%20xmlns%3D%22http%3A%2F%2Fwww.w3.org%2F2000%2Fsvg%22%3E%3Crect%20width%3D%22700%22%20height%3D%22300%22%20fill%3D%22transparent%22%2F%3E%3C%2Fsvg%3E\" height=\"300\" width=\"700\" alt=\"\" class=\"slider-29 slide-35\" title=\"20230630-DSCF5360\" \/><\/li>\n                <li style=\"display: none; width: 100%;\" class=\"slide-36 ms-image \" aria-roledescription=\"slide\" aria-label=\"slide-36\"><img data-opt-src=\"https:\/\/mlgkvghixfsg.i.optimole.com\/w:700\/h:300\/q:mauto\/ig:avif\/https:\/\/parquenogalapartments.es\/wp-content\/uploads\/2024\/02\/20230630-DSCF5341-scaled.jpg\"  decoding=\"async\" src=\"data:image/svg+xml,%3Csvg%20viewBox%3D%220%200%20700%20300%22%20width%3D%22700%22%20height%3D%22300%22%20xmlns%3D%22http%3A%2F%2Fwww.w3.org%2F2000%2Fsvg%22%3E%3Crect%20width%3D%22700%22%20height%3D%22300%22%20fill%3D%22transparent%22%2F%3E%3C%2Fsvg%3E\" height=\"300\" width=\"700\" alt=\"\" class=\"slider-29 slide-36\" title=\"20230630-DSCF5341\" \/><\/li>\n                <li style=\"display: none; width: 100%;\" class=\"slide-37 ms-image \" aria-roledescription=\"slide\" aria-label=\"slide-37\"><img data-opt-src=\"https:\/\/mlgkvghixfsg.i.optimole.com\/w:700\/h:300\/q:mauto\/ig:avif\/https:\/\/parquenogalapartments.es\/wp-content\/uploads\/2024\/02\/Queen-bed-room-scaled.jpg\"  decoding=\"async\" src=\"data:image/svg+xml,%3Csvg%20viewBox%3D%220%200%20700%20300%22%20width%3D%22700%22%20height%3D%22300%22%20xmlns%3D%22http%3A%2F%2Fwww.w3.org%2F2000%2Fsvg%22%3E%3Crect%20width%3D%22700%22%20height%3D%22300%22%20fill%3D%22transparent%22%2F%3E%3C%2Fsvg%3E\" height=\"300\" width=\"700\" alt=\"\" class=\"slider-29 slide-37\" title=\"Queen bed room\" \/><\/li>\n                <li style=\"display: none; width: 100%;\" class=\"slide-38 ms-image \" aria-roledescription=\"slide\" aria-label=\"slide-38\"><img data-opt-src=\"https:\/\/mlgkvghixfsg.i.optimole.com\/w:700\/h:300\/q:mauto\/ig:avif\/https:\/\/parquenogalapartments.es\/wp-content\/uploads\/2024\/02\/Twin-beds-room-1-scaled.jpg\"  decoding=\"async\" src=\"data:image/svg+xml,%3Csvg%20viewBox%3D%220%200%20700%20300%22%20width%3D%22700%22%20height%3D%22300%22%20xmlns%3D%22http%3A%2F%2Fwww.w3.org%2F2000%2Fsvg%22%3E%3Crect%20width%3D%22700%22%20height%3D%22300%22%20fill%3D%22transparent%22%2F%3E%3C%2Fsvg%3E\" height=\"300\" width=\"700\" alt=\"\" class=\"slider-29 slide-38\" title=\"Twin beds room (1)\" \/><\/li>\n                <li style=\"display: none; width: 100%;\" class=\"slide-39 ms-image \" aria-roledescription=\"slide\" aria-label=\"slide-39\"><img data-opt-src=\"https:\/\/mlgkvghixfsg.i.optimole.com\/w:700\/h:300\/q:mauto\/ig:avif\/https:\/\/parquenogalapartments.es\/wp-content\/uploads\/2024\/02\/15160B4F1E599FAFE8499A50454839F3-scaled.jpg\"  decoding=\"async\" src=\"data:image/svg+xml,%3Csvg%20viewBox%3D%220%200%20700%20300%22%20width%3D%22700%22%20height%3D%22300%22%20xmlns%3D%22http%3A%2F%2Fwww.w3.org%2F2000%2Fsvg%22%3E%3Crect%20width%3D%22700%22%20height%3D%22300%22%20fill%3D%22transparent%22%2F%3E%3C%2Fsvg%3E\" height=\"300\" width=\"700\" alt=\"\" class=\"slider-29 slide-39\" title=\"15160B4F1E599FAFE8499A50454839F3\" \/><\/li>\n                <li style=\"display: none; width: 100%;\" class=\"slide-40 ms-image \" aria-roledescription=\"slide\" aria-label=\"slide-40\"><img data-opt-src=\"https:\/\/mlgkvghixfsg.i.optimole.com\/w:700\/h:300\/q:mauto\/ig:avif\/https:\/\/parquenogalapartments.es\/wp-content\/uploads\/2024\/02\/MASPALOMAS3.png\"  decoding=\"async\" src=\"data:image/svg+xml,%3Csvg%20viewBox%3D%220%200%20700%20300%22%20width%3D%22700%22%20height%3D%22300%22%20xmlns%3D%22http%3A%2F%2Fwww.w3.org%2F2000%2Fsvg%22%3E%3Crect%20width%3D%22700%22%20height%3D%22300%22%20fill%3D%22transparent%22%2F%3E%3C%2Fsvg%3E\" height=\"300\" width=\"700\" alt=\"\" class=\"slider-29 slide-40\" title=\"MASPALOMAS3\" \/><\/li>\n                <li style=\"display: none; width: 100%;\" class=\"slide-315 ms-image \" aria-roledescription=\"slide\" aria-label=\"slide-315\"><img data-opt-src=\"https:\/\/mlgkvghixfsg.i.optimole.com\/w:700\/h:300\/q:mauto\/ig:avif\/https:\/\/parquenogalapartments.es\/wp-content\/uploads\/2024\/03\/IMG_9232-1.jpg\"  decoding=\"async\" src=\"data:image/svg+xml,%3Csvg%20viewBox%3D%220%200%20700%20300%22%20width%3D%22700%22%20height%3D%22300%22%20xmlns%3D%22http%3A%2F%2Fwww.w3.org%2F2000%2Fsvg%22%3E%3Crect%20width%3D%22700%22%20height%3D%22300%22%20fill%3D%22transparent%22%2F%3E%3C%2Fsvg%3E\" height=\"300\" width=\"700\" alt=\"\" class=\"slider-29 slide-315\" title=\"IMG_9232\" \/><\/li>\n            <\/ul>\n        <\/div>\n        \n    <\/div>\n<\/div><\/div>\n\n\n\n<p><strong>Descubre el encanto de Bungalows Parque Nogal en Maspalomas, Gran Canaria<\/strong><\/p>\n\n\n\n<p>Una experiencia vacacional inolvidable te espera en Bungalows Parque Nogal, ubicados en la tranquila zona IV del Campo Internacional de Maspalomas, Gran Canaria. Nuestras instalaciones, perfectamente integradas en un entorno natural, ofrecen el equilibrio perfecto entre relajaci\u00f3n y diversi\u00f3n. Con una ubicaci\u00f3n privilegiada cerca de las famosas playas de Maspalomas y Playa del Ingl\u00e9s y a tan s\u00f3lo 400 metros de la autov\u00eda GC-1, garantizamos un f\u00e1cil acceso a los principales atractivos de la isla.<\/p>\n\n\n\n<p><strong>Alojamiento de alta calidad con todas las comodidades.<\/strong><\/p>\n\n\n\n<p>Dise\u00f1ados para tu comodidad y privacidad, nuestros bungalows se dividen en dos categor\u00edas: 30 unidades con camas matrimoniales, ideales para parejas, ubicadas cerca de la piscina, y 26 unidades con camas individuales, ideales para amigos o familiares. Cada bungalow d\u00faplex dispone de sal\u00f3n-cocina equipada, un dormitorio, un ba\u00f1o y, en la mayor\u00eda de los casos, aire acondicionado. Adem\u00e1s, disfrutar\u00e1 de una terraza y balc\u00f3n privados, creando el ambiente ideal para relajarse y disfrutar de las vistas.<\/p>\n\n\n\n<p><strong>Servicios e instalaciones de primera.<\/strong><\/p>\n\n\n\n<p>WiFi gratuito en todo el complejo para que est\u00e9s siempre conectado.<\/p>\n\n\n\n<p>Piscina climatizada en los meses de invierno, complementada con una terraza sol\u00e1rium y hamacas de cortes\u00eda para su disfrute.<\/p>\n\n\n\n<p>Zonas de juego y relax para que los m\u00e1s peque\u00f1os se diviertan.<\/p>\n\n\n\n<p>Aparcamiento p\u00fablico gratuito cerca para su comodidad.<\/p>\n\n\n\n<p>Hay actividades y entretenimiento disponibles para usted, incluidos mercados locales, centros comerciales, parques de diversiones y una amplia gama de deportes y actividades al aire libre.<\/p>\n\n\n\n<p><strong>Vive la experiencia Parque Nogal<\/strong><\/p>\n\n\n\n<p>En Bungalows Parque Nogal nos esforzamos por ofrecerle una estancia placentera con un servicio personalizado. Ya sea que est\u00e9 buscando un retiro tranquilo o una aventura en Gran Canaria, nuestro resort es la base ideal. Con instalaciones dise\u00f1adas para tu comodidad y una ubicaci\u00f3n estrat\u00e9gica, somos la opci\u00f3n preferida para quienes desean explorar la isla sin sacrificar la paz y el confort.<\/p>\n\n\n\n<p><strong>Reserva tu estancia hoy<\/strong><\/p>\n\n\n\n<p>No esperes m\u00e1s y descubre el oasis de paz y diversi\u00f3n que Bungalows Parque Nogal tiene para ofrecerte. Cont\u00e1ctanos para m\u00e1s informaci\u00f3n y reserva tu bungalow ideal en el coraz\u00f3n de Maspalomas. \u00a1Te esperamos para hacer de tus vacaciones una experiencia inolvidable!<br>Reserva ahora pulsando aqu\u00ed<\/p>\n\n\n\n<iframe src=\"https:\/\/www.google.com\/maps\/embed?pb=!1m18!1m12!1m3!1d3530.478190165053!2d-15.592691825519635!3d27.764236376149938!2m3!1f0!2f0!3f0!3m2!1i1024!2i768!4f13.1!3m3!1m2!1s0xc3f62b24aca5d35%3A0x4b2e8c94c8a27860!2sBungalows%20Parque%20Nogal!5e0!3m2!1ses!2ses!4v1709039391967!5m2!1ses!2ses\" width=\"800\" height=\"450\" style=\"border:0;\" allowfullscreen=\"\" loading=\"lazy\" referrerpolicy=\"no-referrer-when-downgrade\"><\/iframe>\n","protected":false},"excerpt":{"rendered":"<p>Email: parquenogal@parquenogal.com \/ parquenogal@telefonica.net Descubre el encanto de Bungalows Parque Nogal en Maspalomas, Gran Canaria Una experiencia vacacional inolvidable te espera en Bungalows Parque Nogal, ubicados en la tranquila zona IV del Campo Internacional de Maspalomas, Gran Canaria. Nuestras instalaciones, perfectamente integradas en un entorno natural, ofrecen el equilibrio perfecto entre relajaci\u00f3n y diversi\u00f3n. Con&hellip;&nbsp;<a href=\"https:\/\/parquenogalapartments.es\/?page_id=186&#038;lang=es\" class=\"\" rel=\"bookmark\">Read More &raquo;<span class=\"screen-reader-text\">INICIO<\/span><\/a><\/p>\n","protected":false},"author":1,"featured_media":0,"parent":0,"menu_order":0,"comment_status":"closed","ping_status":"closed","template":"","meta":{"om_disable_all_campaigns":false,"_monsterinsights_skip_tracking":false,"_monsterinsights_sitenote_active":false,"_monsterinsights_sitenote_note":"","_monsterinsights_sitenote_category":0,"neve_meta_sidebar":"","neve_meta_container":"","neve_meta_enable_content_width":"","neve_meta_content_width":0,"neve_meta_title_alignment":"","neve_meta_author_avatar":"","neve_post_elements_order":"","neve_meta_disable_header":"","neve_meta_disable_footer":"","neve_meta_disable_title":"","footnotes":""},"aioseo_notices":[],"_links":{"self":[{"href":"https:\/\/parquenogalapartments.es\/index.php?rest_route=\/wp\/v2\/pages\/186"}],"collection":[{"href":"https:\/\/parquenogalapartments.es\/index.php?rest_route=\/wp\/v2\/pages"}],"about":[{"href":"https:\/\/parquenogalapartments.es\/index.php?rest_route=\/wp\/v2\/types\/page"}],"author":[{"embeddable":true,"href":"https:\/\/parquenogalapartments.es\/index.php?rest_route=\/wp\/v2\/users\/1"}],"replies":[{"embeddable":true,"href":"https:\/\/parquenogalapartments.es\/index.php?rest_route=%2Fwp%2Fv2%2Fcomments&post=186"}],"version-history":[{"count":5,"href":"https:\/\/parquenogalapartments.es\/index.php?rest_route=\/wp\/v2\/pages\/186\/revisions"}],"predecessor-version":[{"id":324,"href":"https:\/\/parquenogalapartments.es\/index.php?rest_route=\/wp\/v2\/pages\/186\/revisions\/324"}],"wp:attachment":[{"href":"https:\/\/parquenogalapartments.es\/index.php?rest_route=%2Fwp%2Fv2%2Fmedia&parent=186"}],"curies":[{"name":"wp","href":"https:\/\/api.w.org\/{rel}","templated":true}]}}