{"id":281,"date":"2024-03-13T15:11:30","date_gmt":"2024-03-13T14:11:30","guid":{"rendered":"https:\/\/parquenogalapartments.es\/?page_id=281"},"modified":"2024-03-13T15:11:30","modified_gmt":"2024-03-13T14:11:30","slug":"aviso-legal","status":"publish","type":"page","link":"https:\/\/parquenogalapartments.es\/?page_id=281","title":{"rendered":"AVISO LEGAL"},"content":{"rendered":"\n<p>AVISO LEGAL<\/p>\n\n\n\n<p>Bienvenido a este espacio. Como usuario, es importante que conozcas estos t\u00e9rminos antes de continuar navegando.<\/p>\n\n\n\n<p>COMUNIDAD DE EXPLOTACION BUNGALOWS PARQUE NOGAL, S.L. como responsable de esta p\u00e1gina web, se compromete a procesar la informaci\u00f3n de nuestros usuarios y clientes con plenas garant\u00edas y cumplir con los requisitos nacionales y europeos que regulan la recopilaci\u00f3n y uso de datos personales de nuestros usuarios.<\/p>\n\n\n\n<p>Esta p\u00e1gina Web, por lo tanto, cumple de forma rigurosa con la Ley Org\u00e1nica de Protecci\u00f3n de Datos de Car\u00e1cter Personal (en adelante LOPD) y dem\u00e1s normativa aplicable, con el Reglamento (UE) 2016\/279 del Parlamento Europeo y del Consejo de 27 de abril de 2016 relativo a la protecci\u00f3n de las personas f\u00edsicas (en adelante RGPD) y con la Ley 34\/2002, de 11 de julio, de Servicios de la Sociedad de la Informaci\u00f3n y Comercio Electr\u00f3nico (en adelante LSSICE).<\/p>\n\n\n\n<p>DATOS DEL RESPONSABLE<\/p>\n\n\n\n<p>Identidad del Responsable: COMUNIDAD DE EXPLOTACION BUNGALOWS PARQUE NOGAL, S.L.<\/p>\n\n\n\n<p>Nombre comercial: BUNGALOWS PARQUE NOGAL<\/p>\n\n\n\n<p>NIF\/CIF: E35338268<\/p>\n\n\n\n<p>Direcci\u00f3n: CALLE LEO, N\u00ba2<\/p>\n\n\n\n<p>Correo electr\u00f3nico: parquenogal@parquenogal.com<\/p>\n\n\n\n<p>Actividad: Alojamiento tur\u00edstico.<\/p>\n\n\n\n<p>CONDICIONES GENERALES DE USO<\/p>\n\n\n\n<p>Las presentes Condiciones Generales regulan el uso (incluyendo el acceso) de las p\u00e1ginas web integrantes del sitio web de COMUNIDAD DE EXPLOTACION BUNGALOWS PARQUE NOGAL, S.L. incluidos los contenidos y servicios puestos a disposici\u00f3n en ellas. Toda persona que acceda a la web .: www.parquenogal.com. (\u201cusuario\u201d) acepta someterse a las Condiciones Generales vigentes en cada momento. Por usuario se entiende a la persona que acceda, navegue, utilice o participe en los servicios y actividades desarrolladas en el sitio web.<\/p>\n\n\n\n<p>DATOS PERSONALES QUE RECOPILAMOS Y C\u00d3MO LO HACEMOS<\/p>\n\n\n\n<p>Los t\u00e9rminos relativos a la privacidad y protecci\u00f3n de datos, est\u00e1n estipulados en nuestra Pol\u00edtica de privacidad.<\/p>\n\n\n\n<p>OBLIGACIONES Y COMPROMISOS DE LOS USUARIOS<\/p>\n\n\n\n<p>El usuario queda informado, y acepta que, el acceso a la presente web, no supone en modo alguno, el inicio de una relaci\u00f3n comercial con COMUNIDAD DE EXPLOTACION BUNG. PARQUE NOGAL, S.L. De esta forma, el usuario se compromete a utilizar la Web, sus servicios y contenidos sin contravenir la legislaci\u00f3n vigente, la buena fe, los usos generalmente aceptados y el orden p\u00fablico. As\u00ed mismo, queda prohibido, el uso de la Web con fines il\u00edcitos o lesivos contra COMUNIDAD DE EXPLOTACION BUNG. PARQUE NOGAL, S.L. o cualquier tercero o que, de cualquier forma, puedan causar perjuicio o impedir el normal funcionamiento de la Web.<\/p>\n\n\n\n<p>Respecto de los contenidos (informaciones, textos, gr\u00e1ficos, archivos de sonido y\/o imagen, fotograf\u00edas, dise\u00f1os, etc.), se proh\u00edbe:<\/p>\n\n\n\n<p>Su reproducci\u00f3n, distribuci\u00f3n o modificaci\u00f3n, a menos que se cuente con la autorizaci\u00f3n de sus leg\u00edtimos titulares o resulte legalmente permitido.<\/p>\n\n\n\n<p>Cualquier vulneraci\u00f3n de los derechos de la empresa o de sus leg\u00edtimos titulares sobre los mismos.<\/p>\n\n\n\n<p>Su utilizaci\u00f3n para todo tipo de fines comerciales o publicitarios, distintos de los estrictamente permitidos.<\/p>\n\n\n\n<p>Cualquier intento de obtener los contenidos de la Web por cualquier medio distinto de los que se pongan a disposici\u00f3n de los usuarios, as\u00ed como de los que habitualmente se empleen en la red, siempre que no causen perjuicio alguno a la Web de COMUNIDAD DE EXPLOTACION BUNG. PARQUE NOGAL, S.L.<\/p>\n\n\n\n<p>En la utilizaci\u00f3n de la web www.parquenogal.com el usuario se compromete a no llevar a cabo ninguna conducta que pudiera da\u00f1ar la imagen, los intereses y los derechos de COMUNIDAD DE EXPLOTACION BUNG. PARQUE NOGAL, S.L., o de terceros o que pudiera da\u00f1ar, inutilizar o sobrecargar el portal , www.parquenogal.com o que impidiera, de cualquier forma, la normal utilizaci\u00f3n de la web.<\/p>\n\n\n\n<p>No obstante, el usuario debe ser consciente de que las medidas de seguridad de los sistemas inform\u00e1ticos en Internet no son enteramente fiables y que, por tanto, COMUNIDAD DE EXPLOTACION BUNG. PARQUE NOGAL, S.L., no puede garantizar la inexistencia de malware u otros elementos que puedan producir alteraciones en los sistemas inform\u00e1ticos (software y hardware) del usuario o en sus documentos electr\u00f3nicos y ficheros contenidos en los mismos, aunque ponga todos los medios necesarios y las medidas de seguridad oportunas para evitar la presencia de estos elementos da\u00f1inos.<\/p>\n\n\n\n<p>MEDIDAS DE SEGURIDAD<\/p>\n\n\n\n<p>Los datos personales comunicados por el usuario a COMUNIDAD DE EXPLOTACION BUNG. PARQUE NOGAL, S.L., pueden ser almacenados ficheros, cuya titularidad corresponde en exclusiva a COMUNIDAD DE EXPLOTACION BUNG. PARQUE NOGAL, S.L., asumiendo \u00e9sta todas las medidas de \u00edndole t\u00e9cnica, organizativa y de seguridad que garantizan la confidencialidad, integridad y calidad de la informaci\u00f3n contenida en las mismas de acuerdo con lo establecido en la normativa vigente en protecci\u00f3n de datos.<\/p>\n\n\n\n<p>COMUNIDAD DE EXPLOTACION BUNG. PARQUE NOGAL, S.L. utiliza un canal seguro y los datos transmitidos son cifrados gracias a protocolos a https, por tanto, garantizamos las mejores condiciones de seguridad para que la confidencialidad de los usuarios est\u00e9 garantizada.<\/p>\n","protected":false},"excerpt":{"rendered":"<p>AVISO LEGAL Bienvenido a este espacio. Como usuario, es importante que conozcas estos t\u00e9rminos antes de continuar navegando. COMUNIDAD DE EXPLOTACION BUNGALOWS PARQUE NOGAL, S.L. como responsable de esta p\u00e1gina web, se compromete a procesar la informaci\u00f3n de nuestros usuarios y clientes con plenas garant\u00edas y cumplir con los requisitos nacionales y europeos que regulan&hellip;&nbsp;<a href=\"https:\/\/parquenogalapartments.es\/?page_id=281\" class=\"\" rel=\"bookmark\">Read More &raquo;<span class=\"screen-reader-text\">AVISO LEGAL<\/span><\/a><\/p>\n","protected":false},"author":1,"featured_media":0,"parent":0,"menu_order":0,"comment_status":"closed","ping_status":"closed","template":"","meta":{"om_disable_all_campaigns":false,"_monsterinsights_skip_tracking":false,"_monsterinsights_sitenote_active":false,"_monsterinsights_sitenote_note":"","_monsterinsights_sitenote_category":0,"neve_meta_sidebar":"","neve_meta_container":"","neve_meta_enable_content_width":"","neve_meta_content_width":0,"neve_meta_title_alignment":"","neve_meta_author_avatar":"","neve_post_elements_order":"","neve_meta_disable_header":"","neve_meta_disable_footer":"","neve_meta_disable_title":"","footnotes":""},"aioseo_notices":[],"_links":{"self":[{"href":"https:\/\/parquenogalapartments.es\/index.php?rest_route=\/wp\/v2\/pages\/281"}],"collection":[{"href":"https:\/\/parquenogalapartments.es\/index.php?rest_route=\/wp\/v2\/pages"}],"about":[{"href":"https:\/\/parquenogalapartments.es\/index.php?rest_route=\/wp\/v2\/types\/page"}],"author":[{"embeddable":true,"href":"https:\/\/parquenogalapartments.es\/index.php?rest_route=\/wp\/v2\/users\/1"}],"replies":[{"embeddable":true,"href":"https:\/\/parquenogalapartments.es\/index.php?rest_route=%2Fwp%2Fv2%2Fcomments&post=281"}],"version-history":[{"count":1,"href":"https:\/\/parquenogalapartments.es\/index.php?rest_route=\/wp\/v2\/pages\/281\/revisions"}],"predecessor-version":[{"id":283,"href":"https:\/\/parquenogalapartments.es\/index.php?rest_route=\/wp\/v2\/pages\/281\/revisions\/283"}],"wp:attachment":[{"href":"https:\/\/parquenogalapartments.es\/index.php?rest_route=%2Fwp%2Fv2%2Fmedia&parent=281"}],"curies":[{"name":"wp","href":"https:\/\/api.w.org\/{rel}","templated":true}]}}