{"id":335,"date":"2024-04-16T14:16:32","date_gmt":"2024-04-16T12:16:32","guid":{"rendered":"https:\/\/parquenogalapartments.es\/?page_id=335"},"modified":"2024-04-16T14:25:02","modified_gmt":"2024-04-16T12:25:02","slug":"rechtlicher-hinweis","status":"publish","type":"page","link":"https:\/\/parquenogalapartments.es\/?page_id=335&lang=de","title":{"rendered":"RECHTLICHER HINWEIS"},"content":{"rendered":"\n<div class=\"wp-block-buttons is-layout-flex wp-block-buttons-is-layout-flex\">\n<div class=\"wp-block-button\"><a class=\"wp-block-button__link wp-element-button\" href=\"https:\/\/direct-book.com\/properties\/bungalowsparquenogaldirect?locale=de\">Buchen Sie jetzt, indem Sie hier klicken!<\/a><\/div>\n<\/div>\n\n\n\n<div class=\"alignnormal\"><div id=\"metaslider-id-29\" style=\"width: 100%;\" class=\"ml-slider-3-61-0 metaslider metaslider-flex metaslider-29 ml-slider ms-theme-default nav-hidden\" role=\"region\" aria-roledescription=\"Slideshow\" aria-label=\"Nueva presentaci\u00f3n de diapositivas\">\n    <div id=\"metaslider_container_29\">\n        <div id=\"metaslider_29\">\n            <ul aria-live=\"polite\" class=\"slides\">\n                <li style=\"display: block; width: 100%;\" class=\"slide-30 ms-image \" aria-roledescription=\"slide\" aria-label=\"slide-30\"><img decoding=\"async\" src=\"https:\/\/mlgkvghixfsg.i.optimole.com\/w:700\/h:300\/q:mauto\/ig:avif\/https:\/\/parquenogalapartments.es\/wp-content\/uploads\/2024\/02\/20230630-DSCF5749-scaled.jpg\" height=\"300\" width=\"700\" alt=\"\" class=\"slider-29 slide-30\" title=\"20230630-DSCF5749\" \/><\/li>\n                <li style=\"display: none; width: 100%;\" class=\"slide-31 ms-image \" aria-roledescription=\"slide\" aria-label=\"slide-31\"><img decoding=\"async\" src=\"https:\/\/mlgkvghixfsg.i.optimole.com\/w:700\/h:300\/q:mauto\/ig:avif\/https:\/\/parquenogalapartments.es\/wp-content\/uploads\/2024\/02\/20230630-DSCF5663-scaled.jpg\" height=\"300\" width=\"700\" alt=\"\" class=\"slider-29 slide-31\" title=\"20230630-DSCF5663\" \/><\/li>\n                <li style=\"display: none; width: 100%;\" class=\"slide-32 ms-image \" aria-roledescription=\"slide\" aria-label=\"slide-32\"><img data-opt-src=\"https:\/\/mlgkvghixfsg.i.optimole.com\/w:700\/h:300\/q:mauto\/ig:avif\/https:\/\/parquenogalapartments.es\/wp-content\/uploads\/2024\/02\/20230630-DSCF5691-scaled.jpg\"  decoding=\"async\" src=\"data:image/svg+xml,%3Csvg%20viewBox%3D%220%200%20700%20300%22%20width%3D%22700%22%20height%3D%22300%22%20xmlns%3D%22http%3A%2F%2Fwww.w3.org%2F2000%2Fsvg%22%3E%3Crect%20width%3D%22700%22%20height%3D%22300%22%20fill%3D%22transparent%22%2F%3E%3C%2Fsvg%3E\" height=\"300\" width=\"700\" alt=\"\" class=\"slider-29 slide-32\" title=\"20230630-DSCF5691\" \/><\/li>\n                <li style=\"display: none; width: 100%;\" class=\"slide-33 ms-image \" aria-roledescription=\"slide\" aria-label=\"slide-33\"><img data-opt-src=\"https:\/\/mlgkvghixfsg.i.optimole.com\/w:700\/h:300\/q:mauto\/ig:avif\/https:\/\/parquenogalapartments.es\/wp-content\/uploads\/2024\/02\/20230630-DSCF5467-scaled.jpg\"  decoding=\"async\" src=\"data:image/svg+xml,%3Csvg%20viewBox%3D%220%200%20700%20300%22%20width%3D%22700%22%20height%3D%22300%22%20xmlns%3D%22http%3A%2F%2Fwww.w3.org%2F2000%2Fsvg%22%3E%3Crect%20width%3D%22700%22%20height%3D%22300%22%20fill%3D%22transparent%22%2F%3E%3C%2Fsvg%3E\" height=\"300\" width=\"700\" alt=\"\" class=\"slider-29 slide-33\" title=\"20230630-DSCF5467\" \/><\/li>\n                <li style=\"display: none; width: 100%;\" class=\"slide-34 ms-image \" aria-roledescription=\"slide\" aria-label=\"slide-34\"><img data-opt-src=\"https:\/\/mlgkvghixfsg.i.optimole.com\/w:700\/h:300\/q:mauto\/ig:avif\/https:\/\/parquenogalapartments.es\/wp-content\/uploads\/2024\/02\/20230630-DSCF5381-scaled.jpg\"  decoding=\"async\" src=\"data:image/svg+xml,%3Csvg%20viewBox%3D%220%200%20700%20300%22%20width%3D%22700%22%20height%3D%22300%22%20xmlns%3D%22http%3A%2F%2Fwww.w3.org%2F2000%2Fsvg%22%3E%3Crect%20width%3D%22700%22%20height%3D%22300%22%20fill%3D%22transparent%22%2F%3E%3C%2Fsvg%3E\" height=\"300\" width=\"700\" alt=\"\" class=\"slider-29 slide-34\" title=\"20230630-DSCF5381\" \/><\/li>\n                <li style=\"display: none; width: 100%;\" class=\"slide-35 ms-image \" aria-roledescription=\"slide\" aria-label=\"slide-35\"><img data-opt-src=\"https:\/\/mlgkvghixfsg.i.optimole.com\/w:700\/h:300\/q:mauto\/ig:avif\/https:\/\/parquenogalapartments.es\/wp-content\/uploads\/2024\/02\/20230630-DSCF5360-scaled.jpg\"  decoding=\"async\" src=\"data:image/svg+xml,%3Csvg%20viewBox%3D%220%200%20700%20300%22%20width%3D%22700%22%20height%3D%22300%22%20xmlns%3D%22http%3A%2F%2Fwww.w3.org%2F2000%2Fsvg%22%3E%3Crect%20width%3D%22700%22%20height%3D%22300%22%20fill%3D%22transparent%22%2F%3E%3C%2Fsvg%3E\" height=\"300\" width=\"700\" alt=\"\" class=\"slider-29 slide-35\" title=\"20230630-DSCF5360\" \/><\/li>\n                <li style=\"display: none; width: 100%;\" class=\"slide-36 ms-image \" aria-roledescription=\"slide\" aria-label=\"slide-36\"><img data-opt-src=\"https:\/\/mlgkvghixfsg.i.optimole.com\/w:700\/h:300\/q:mauto\/ig:avif\/https:\/\/parquenogalapartments.es\/wp-content\/uploads\/2024\/02\/20230630-DSCF5341-scaled.jpg\"  decoding=\"async\" src=\"data:image/svg+xml,%3Csvg%20viewBox%3D%220%200%20700%20300%22%20width%3D%22700%22%20height%3D%22300%22%20xmlns%3D%22http%3A%2F%2Fwww.w3.org%2F2000%2Fsvg%22%3E%3Crect%20width%3D%22700%22%20height%3D%22300%22%20fill%3D%22transparent%22%2F%3E%3C%2Fsvg%3E\" height=\"300\" width=\"700\" alt=\"\" class=\"slider-29 slide-36\" title=\"20230630-DSCF5341\" \/><\/li>\n                <li style=\"display: none; width: 100%;\" class=\"slide-37 ms-image \" aria-roledescription=\"slide\" aria-label=\"slide-37\"><img data-opt-src=\"https:\/\/mlgkvghixfsg.i.optimole.com\/w:700\/h:300\/q:mauto\/ig:avif\/https:\/\/parquenogalapartments.es\/wp-content\/uploads\/2024\/02\/Queen-bed-room-scaled.jpg\"  decoding=\"async\" src=\"data:image/svg+xml,%3Csvg%20viewBox%3D%220%200%20700%20300%22%20width%3D%22700%22%20height%3D%22300%22%20xmlns%3D%22http%3A%2F%2Fwww.w3.org%2F2000%2Fsvg%22%3E%3Crect%20width%3D%22700%22%20height%3D%22300%22%20fill%3D%22transparent%22%2F%3E%3C%2Fsvg%3E\" height=\"300\" width=\"700\" alt=\"\" class=\"slider-29 slide-37\" title=\"Queen bed room\" \/><\/li>\n                <li style=\"display: none; width: 100%;\" class=\"slide-38 ms-image \" aria-roledescription=\"slide\" aria-label=\"slide-38\"><img data-opt-src=\"https:\/\/mlgkvghixfsg.i.optimole.com\/w:700\/h:300\/q:mauto\/ig:avif\/https:\/\/parquenogalapartments.es\/wp-content\/uploads\/2024\/02\/Twin-beds-room-1-scaled.jpg\"  decoding=\"async\" src=\"data:image/svg+xml,%3Csvg%20viewBox%3D%220%200%20700%20300%22%20width%3D%22700%22%20height%3D%22300%22%20xmlns%3D%22http%3A%2F%2Fwww.w3.org%2F2000%2Fsvg%22%3E%3Crect%20width%3D%22700%22%20height%3D%22300%22%20fill%3D%22transparent%22%2F%3E%3C%2Fsvg%3E\" height=\"300\" width=\"700\" alt=\"\" class=\"slider-29 slide-38\" title=\"Twin beds room (1)\" \/><\/li>\n                <li style=\"display: none; width: 100%;\" class=\"slide-39 ms-image \" aria-roledescription=\"slide\" aria-label=\"slide-39\"><img data-opt-src=\"https:\/\/mlgkvghixfsg.i.optimole.com\/w:700\/h:300\/q:mauto\/ig:avif\/https:\/\/parquenogalapartments.es\/wp-content\/uploads\/2024\/02\/15160B4F1E599FAFE8499A50454839F3-scaled.jpg\"  decoding=\"async\" src=\"data:image/svg+xml,%3Csvg%20viewBox%3D%220%200%20700%20300%22%20width%3D%22700%22%20height%3D%22300%22%20xmlns%3D%22http%3A%2F%2Fwww.w3.org%2F2000%2Fsvg%22%3E%3Crect%20width%3D%22700%22%20height%3D%22300%22%20fill%3D%22transparent%22%2F%3E%3C%2Fsvg%3E\" height=\"300\" width=\"700\" alt=\"\" class=\"slider-29 slide-39\" title=\"15160B4F1E599FAFE8499A50454839F3\" \/><\/li>\n                <li style=\"display: none; width: 100%;\" class=\"slide-40 ms-image \" aria-roledescription=\"slide\" aria-label=\"slide-40\"><img data-opt-src=\"https:\/\/mlgkvghixfsg.i.optimole.com\/w:700\/h:300\/q:mauto\/ig:avif\/https:\/\/parquenogalapartments.es\/wp-content\/uploads\/2024\/02\/MASPALOMAS3.png\"  decoding=\"async\" src=\"data:image/svg+xml,%3Csvg%20viewBox%3D%220%200%20700%20300%22%20width%3D%22700%22%20height%3D%22300%22%20xmlns%3D%22http%3A%2F%2Fwww.w3.org%2F2000%2Fsvg%22%3E%3Crect%20width%3D%22700%22%20height%3D%22300%22%20fill%3D%22transparent%22%2F%3E%3C%2Fsvg%3E\" height=\"300\" width=\"700\" alt=\"\" class=\"slider-29 slide-40\" title=\"MASPALOMAS3\" \/><\/li>\n                <li style=\"display: none; width: 100%;\" class=\"slide-315 ms-image \" aria-roledescription=\"slide\" aria-label=\"slide-315\"><img data-opt-src=\"https:\/\/mlgkvghixfsg.i.optimole.com\/w:700\/h:300\/q:mauto\/ig:avif\/https:\/\/parquenogalapartments.es\/wp-content\/uploads\/2024\/03\/IMG_9232-1.jpg\"  decoding=\"async\" src=\"data:image/svg+xml,%3Csvg%20viewBox%3D%220%200%20700%20300%22%20width%3D%22700%22%20height%3D%22300%22%20xmlns%3D%22http%3A%2F%2Fwww.w3.org%2F2000%2Fsvg%22%3E%3Crect%20width%3D%22700%22%20height%3D%22300%22%20fill%3D%22transparent%22%2F%3E%3C%2Fsvg%3E\" height=\"300\" width=\"700\" alt=\"\" class=\"slider-29 slide-315\" title=\"IMG_9232\" \/><\/li>\n            <\/ul>\n        <\/div>\n        \n    <\/div>\n<\/div><\/div>\n\n\n\n<p>Diese Allgemeinen Gesch\u00e4ftsbedingungen regeln die Nutzung (einschlie\u00dflich des Zugriffs) der Webseiten, aus denen die Website von COMUNIDAD DE EXPLOTACION BUNGALOWS PARQUE NOGAL, S.L. besteht. einschlie\u00dflich der darin bereitgestellten Inhalte und Dienste. Jede Person, die auf die Website www.parquenogal.com zugreift. (\u201eBenutzer\u201c) erkl\u00e4rt sich damit einverstanden, jederzeit an die Allgemeinen Gesch\u00e4ftsbedingungen gebunden zu sein. Unter Benutzer versteht man die Person, die auf die auf der Website entwickelten Dienste und Aktivit\u00e4ten zugreift, sie durchsucht, nutzt oder daran teilnimmt.<\/p>\n\n\n\n<p>PERSONENBEZOGENE DATEN, DIE WIR SAMMELN, UND WIE WIR DAS MACHEN<\/p>\n\n\n\n<p>Die Bestimmungen zum Datenschutz finden Sie in unserer Datenschutzerkl\u00e4rung.<\/p>\n\n\n\n<p>VERPFLICHTUNGEN UND VERPFLICHTUNGEN DER BENUTZER<\/p>\n\n\n\n<p>Der Benutzer wird dar\u00fcber informiert und akzeptiert, dass der Zugriff auf diese Website in keiner Weise den Beginn einer Gesch\u00e4ftsbeziehung mit COMUNIDAD DE EXPLOTACI\u00d3N BUNG bedeutet. NOGAL PARK, S.L. Auf diese Weise verpflichtet sich der Nutzer, die Website, ihre Dienste und Inhalte zu nutzen, ohne gegen geltendes Recht, Treu und Glauben, allgemein anerkannte Nutzungen und die \u00f6ffentliche Ordnung zu versto\u00dfen. Ebenso ist die Nutzung der Website f\u00fcr illegale oder sch\u00e4dliche Zwecke gegen COMUNIDAD DE EXPLOTACION BUNG verboten. NOGAL PARK, S.L. oder Dritten oder die in irgendeiner Weise Schaden verursachen oder das normale Funktionieren der Website verhindern k\u00f6nnten.<\/p>\n\n\n\n<p>Bez\u00fcglich der Inhalte (Informationen, Texte, Grafiken, Ton- und\/oder Bilddateien, Fotografien, Designs etc.) ist es untersagt:<\/p>\n\n\n\n<p>Ihre Vervielf\u00e4ltigung, Verbreitung oder \u00c4nderung, es sei denn, sie hat die Genehmigung ihrer rechtm\u00e4\u00dfigen Eigent\u00fcmer oder ist gesetzlich erlaubt.<\/p>\n\n\n\n<p>Jede Verletzung der Rechte des Unternehmens oder seiner rechtm\u00e4\u00dfigen Eigent\u00fcmer.<\/p>\n\n\n\n<p>Die Verwendung f\u00fcr alle Arten kommerzieller oder Werbezwecke, sofern nicht ausdr\u00fccklich gestattet.<\/p>\n\n\n\n<p>Jeglicher Versuch, den Inhalt der Website auf andere Weise als den den Benutzern zur Verf\u00fcgung gestellten Mitteln sowie \u00fcber die \u00fcblicherweise im Internet verwendeten Mittel zu erhalten, vorausgesetzt, dass sie der Website von COMUNIDAD DE EXPLOTACION BUNG keinen Schaden zuf\u00fcgen. NOGAL PARK, S.L.<\/p>\n\n\n\n<p>Bei der Nutzung der Website www.parquenogal.com verpflichtet sich der Nutzer, kein Verhalten zu begehen, das dem Image, den Interessen und Rechten von COMUNIDAD DE EXPLOTACION BUNG schaden k\u00f6nnte. PARQUE NOGAL, S.L. oder Dritte verursachen oder das Portal www.parquenogal.com besch\u00e4digen, deaktivieren oder \u00fcberlasten oder in irgendeiner Weise die normale Nutzung der Website verhindern k\u00f6nnten.<\/p>\n\n\n\n<p>Der Nutzer muss sich jedoch dar\u00fcber im Klaren sein, dass die Sicherheitsma\u00dfnahmen von Computersystemen im Internet nicht v\u00f6llig zuverl\u00e4ssig sind und daher BUNG EXPLOITATION COMMUNITY. PARQUE NOGAL, S.L. kann die Abwesenheit von Schadsoftware oder anderen Elementen, die zu Ver\u00e4nderungen in den Computersystemen (Software und Hardware) des Benutzers oder in den darin enthaltenen elektronischen Dokumenten und Dateien f\u00fchren k\u00f6nnen, nicht garantieren, selbst wenn alle erforderlichen Mittel und geeigneten Sicherheitsma\u00dfnahmen eingesetzt werden um das Vorhandensein dieser sch\u00e4dlichen Elemente zu vermeiden.<\/p>\n\n\n\n<p>SICHERHEITSMASSNAHMEN<\/p>\n\n\n\n<p>Die vom Benutzer an COMUNIDAD DE EXPLOTACI\u00d3N BUNG \u00fcbermittelten personenbezogenen Daten. PARQUE NOGAL, S.L. k\u00f6nnen Dateien gespeichert werden, deren Eigentum ausschlie\u00dflich COMUNIDAD DE EXPLOTACION BUNG liegt. PARQUE NOGAL, S.L. \u00fcbernimmt alle technischen, organisatorischen und sicherheitstechnischen Ma\u00dfnahmen, die die Vertraulichkeit, Integrit\u00e4t und Qualit\u00e4t der darin enthaltenen Informationen gem\u00e4\u00df den Bestimmungen der geltenden Datenschutzbestimmungen gew\u00e4hrleisten.<\/p>\n\n\n\n<p>BUNG-EXPLOITATION-COMMUNITY. NOGAL PARK, S.L. verwendet einen sicheren Kanal und die \u00fcbertragenen Daten werden dank https-Protokollen verschl\u00fcsselt. Daher garantieren wir die besten Sicherheitsbedingungen, damit die Vertraulichkeit der Benutzer gew\u00e4hrleistet ist.<\/p>\n","protected":false},"excerpt":{"rendered":"<p>Diese Allgemeinen Gesch\u00e4ftsbedingungen regeln die Nutzung (einschlie\u00dflich des Zugriffs) der Webseiten, aus denen die Website von COMUNIDAD DE EXPLOTACION BUNGALOWS PARQUE NOGAL, S.L. besteht. einschlie\u00dflich der darin bereitgestellten Inhalte und Dienste. Jede Person, die auf die Website www.parquenogal.com zugreift. (\u201eBenutzer\u201c) erkl\u00e4rt sich damit einverstanden, jederzeit an die Allgemeinen Gesch\u00e4ftsbedingungen gebunden zu sein. Unter Benutzer versteht&hellip;&nbsp;<a href=\"https:\/\/parquenogalapartments.es\/?page_id=335&#038;lang=de\" class=\"\" rel=\"bookmark\">Read More &raquo;<span class=\"screen-reader-text\">RECHTLICHER HINWEIS<\/span><\/a><\/p>\n","protected":false},"author":1,"featured_media":0,"parent":0,"menu_order":0,"comment_status":"closed","ping_status":"closed","template":"","meta":{"om_disable_all_campaigns":false,"_monsterinsights_skip_tracking":false,"_monsterinsights_sitenote_active":false,"_monsterinsights_sitenote_note":"","_monsterinsights_sitenote_category":0,"neve_meta_sidebar":"","neve_meta_container":"","neve_meta_enable_content_width":"","neve_meta_content_width":0,"neve_meta_title_alignment":"","neve_meta_author_avatar":"","neve_post_elements_order":"","neve_meta_disable_header":"","neve_meta_disable_footer":"","neve_meta_disable_title":"","footnotes":""},"aioseo_notices":[],"_links":{"self":[{"href":"https:\/\/parquenogalapartments.es\/index.php?rest_route=\/wp\/v2\/pages\/335"}],"collection":[{"href":"https:\/\/parquenogalapartments.es\/index.php?rest_route=\/wp\/v2\/pages"}],"about":[{"href":"https:\/\/parquenogalapartments.es\/index.php?rest_route=\/wp\/v2\/types\/page"}],"author":[{"embeddable":true,"href":"https:\/\/parquenogalapartments.es\/index.php?rest_route=\/wp\/v2\/users\/1"}],"replies":[{"embeddable":true,"href":"https:\/\/parquenogalapartments.es\/index.php?rest_route=%2Fwp%2Fv2%2Fcomments&post=335"}],"version-history":[{"count":4,"href":"https:\/\/parquenogalapartments.es\/index.php?rest_route=\/wp\/v2\/pages\/335\/revisions"}],"predecessor-version":[{"id":342,"href":"https:\/\/parquenogalapartments.es\/index.php?rest_route=\/wp\/v2\/pages\/335\/revisions\/342"}],"wp:attachment":[{"href":"https:\/\/parquenogalapartments.es\/index.php?rest_route=%2Fwp%2Fv2%2Fmedia&parent=335"}],"curies":[{"name":"wp","href":"https:\/\/api.w.org\/{rel}","templated":true}]}}